{"id":763,"date":"2016-02-15T11:48:11","date_gmt":"2016-02-15T11:48:11","guid":{"rendered":"https:\/\/www.villasbonet.com\/en\/aviso-legal\/"},"modified":"2016-07-29T11:25:58","modified_gmt":"2016-07-29T11:25:58","slug":"legal-advice","status":"publish","type":"page","link":"https:\/\/www.villasbonet.com\/en\/legal-advice\/","title":{"rendered":"Legal Advice"},"content":{"rendered":"<p>[et_pb_section admin_label=&#8221;Secci\u00f3n&#8221; fullwidth=&#8221;on&#8221; specialty=&#8221;off&#8221;][et_pb_fullwidth_header admin_label=&#8221;T\u00edtulo de anchura completa&#8221; title=&#8221;AVISO LEGAL&#8221; background_layout=&#8221;dark&#8221; text_orientation=&#8221;center&#8221; header_fullscreen=&#8221;off&#8221; header_scroll_down=&#8221;off&#8221; parallax=&#8221;off&#8221; parallax_method=&#8221;off&#8221; content_orientation=&#8221;center&#8221; image_orientation=&#8221;center&#8221; custom_button_one=&#8221;off&#8221; button_one_letter_spacing=&#8221;0&#8243; button_one_use_icon=&#8221;default&#8221; button_one_icon_placement=&#8221;right&#8221; button_one_on_hover=&#8221;on&#8221; button_one_letter_spacing_hover=&#8221;0&#8243; custom_button_two=&#8221;off&#8221; button_two_letter_spacing=&#8221;0&#8243; button_two_use_icon=&#8221;default&#8221; button_two_icon_placement=&#8221;right&#8221; button_two_on_hover=&#8221;on&#8221; button_two_letter_spacing_hover=&#8221;0&#8243; background_url=&#8221;https:\/\/www.villasbonet.com\/wp-content\/uploads\/2016\/02\/aviso-legal.jpg&#8221; module_class=&#8221;imagenTopHome imagenBlog&#8221;] [\/et_pb_fullwidth_header][\/et_pb_section][et_pb_section admin_label=&#8221;section&#8221;][et_pb_row admin_label=&#8221;row&#8221;][et_pb_column type=&#8221;4_4&#8243;][et_pb_text admin_label=&#8221;Texto&#8221; background_layout=&#8221;light&#8221; text_orientation=&#8221;left&#8221; use_border_color=&#8221;off&#8221; border_color=&#8221;#ffffff&#8221; border_style=&#8221;solid&#8221;]<\/p>\n<p style=\"text-align: justify;\">En cumplimiento de la Ley 34\/2002, de 11 de julio, de Servicios de la Sociedad de la Informaci\u00f3n y de Comercio Electr\u00f3nico (LSSI-CE), PROMOCIONES INMOBILIARIAS BONET, S.L. informa que es titular del sitio web <a href=\"https:\/\/www.villasbonet.com\/en\/\">www.villasbonet.com.<\/a> De acuerdo con la exigencia del art\u00edculo 10 de la citada Ley, PROMOCIONES INMOBILIARIAS BONET, S.L. informa de los siguientes datos:<\/p>\n<p style=\"text-align: justify;\">El titular de este sitio web es PROMOCIONES INMOBILIARIAS BONET, S.L., con CIF\/VAT: B-03201027\u00a0y domicilio social en C\/ Na Saurina d&#8217;Enten\u00e7a, 90 03803, Alcoy (Alicante), SPAIN, inscrita en el Registro Mercantil de Alicante. Tomo\u00a0753, Libro 309, Secci\u00f3n 2\u00aa, Folio 163, Hoja 9084, Inscripci\u00f3n 1\u00aa. La direcci\u00f3n de correo electr\u00f3nico de contacto con la empresa es:<a href=\"mailto:info@villasbonet.com\">info@villasbonet.com<\/a><\/p>\n<p style=\"text-align: justify;\"><strong>USUARIO Y R\u00c9GIMEN DE RESPONSABILIDADES<\/strong><br \/>\nLa navegaci\u00f3n, acceso y uso por el sitio web de PROMOCIONES INMOBILIARIAS BONET, S.L. confiere la condici\u00f3n de usuario, por la que se aceptan, desde la navegaci\u00f3n por el sitio web de PROMOCIONES INMOBILIARIAS BONET, S.L., todas las condiciones de uso aqu\u00ed establecidas sin perjuicio de la aplicaci\u00f3n de la correspondiente normativa de obligado cumplimiento legal seg\u00fan el caso.<br \/>\nEl sitio web de PROMOCIONES INMOBILIARIAS BONET, S.L. proporciona gran diversidad de informaci\u00f3n, servicios y datos. El usuario asume su responsabilidad en el uso correcto del sitio web. Esta responsabilidad se extender\u00e1 a:<\/p>\n<p style=\"text-align: justify;\">La veracidad y licitud de las informaciones aportadas por el usuario en los formularios extendidos por PROMOCIONES INMOBILIARIAS BONET, S.L. para el acceso a ciertos contenidos o servicios ofrecidos por el web<br \/>\nEl uso de la informaci\u00f3n, servicios y datos ofrecidos por PROMOCIONES INMOBILIARIAS BONET, S.L. contrariamente a lo dispuesto por las presentes condiciones, la Ley, la moral, las buenas costumbres o el orden p\u00fablico, o que de cualquier otro modo puedan suponer lesi\u00f3n de los derechos de terceros o del mismo funcionamiento del sitio web.<\/p>\n<p style=\"text-align: justify;\"><strong>POL\u00cdTICA DE ENLACES Y EXENCIONES DE RESPONSABILIDAD<\/strong><br \/>\nPROMOCIONES INMOBILIARIAS BONET, S.L. no se hace responsable del contenido de los sitios web a los que el usuario pueda acceder a trav\u00e9s de los enlaces establecidos en su sitio web y declara que en ning\u00fan caso proceder\u00e1 a examinar o ejercitar ning\u00fan tipo de control sobre el contenido de otros sitios de la red. Asimismo, tampoco garantizar\u00e1 la disponibilidad t\u00e9cnica, exactitud, veracidad, validez o legalidad de sitios ajenos a su propiedad a los que se pueda acceder por medio de los enlaces.<\/p>\n<p style=\"text-align: justify;\">PROMOCIONES INMOBILIARIAS BONET, S.L. declara haber adoptado todas las medidas necesarias para evitar cualquier da\u00f1o a los usuarios de su sitio web, que pudieran derivarse de la navegaci\u00f3n por su sitio web. En consecuencia, PROMOCIONES INMOBILIARIAS BONET, S.L. no se hace responsable, en ning\u00fan caso, de los eventuales da\u00f1os que por la navegaci\u00f3n por Internet pudiera sufrir el usuario.<\/p>\n<p style=\"text-align: justify;\"><strong>MODIFICACIONES<\/strong><br \/>\nPROMOCIONES INMOBILIARIAS BONET, S.L. se reserva el derecho a realizar las modificaciones que considere oportunas, sin aviso previo, en el contenido de su sitio web. Tanto en lo referente a los contenidos del sitio web, como en las condiciones de uso del mismo. Dichas modificaciones podr\u00e1n realizarse a<br \/>\ntrav\u00e9s de su sitio web por cualquier forma admisible en derecho y ser\u00e1n de obligado cumplimiento durante el tiempo en que se encuentren publicadas en la web y hasta que no sean modificadas v\u00e1lidamente por otras posteriores.<\/p>\n<p style=\"text-align: justify;\"><strong>PROTECCI\u00d3N DE DATOS<\/strong><br \/>\nDe conformidad con lo que establece la Ley Org\u00e1nica 15\/1999 de Protecci\u00f3n de Datos de Car\u00e1cter Personal (LOPD), PROMOCIONES INMOBILIARIAS BONET, S.L. informa a los usuarios de su sitio web que los datos personales recabados por la empresa, mediante los formularios sitos en sus p\u00e1ginas, ser\u00e1n introducidos en un fichero automatizado bajo la responsabilidad de PROMOCIONES INMOBILIARIAS BONET, S.L., con la finalidad de poder facilitar, agilizar y cumplir los compromisos establecidos entre ambas partes. Asimismo, PROMOCIONES INMOBILIARIAS BONET, S.L. informa de la posibilidad de ejercer los derechos de acceso, rectificaci\u00f3n,<br \/>\ncancelaci\u00f3n y oposici\u00f3n mediante un escrito a la direcci\u00f3n: C\/ Na Saurina d&#8217;Enten\u00e7a, 90 03803, Alcoy (Alicante), SPAIN.<br \/>\nMientras el usuario no comunique lo contrario a PROMOCIONES INMOBILIARIAS BONET, S.L., \u00e9sta entender\u00e1 que sus datos no han sido modificados, que el usuario se compromete a notificar a PROMOCIONES INMOBILIARIAS BONET, S.L. cualquier variaci\u00f3n y que PROMOCIONES INMOBILIARIAS BONET, S.L. tiene el consentimiento para utilizarlos a fin de poder fidelizar la relaci\u00f3n entre las partes.<\/p>\n<p style=\"text-align: justify;\"><strong>PROPIEDAD INTELECTUAL E INDUSTRIAL<\/strong><br \/>\nPROMOCIONES INMOBILIARIAS BONET, S.L. por s\u00ed misma o como cesionaria, es titular de todos los derechos de propiedad intelectual e industrial de su p\u00e1gina web, as\u00ed como de los elementos contenidos en la misma (a t\u00edtulo enunciativo, im\u00e1genes, sonido, audio, v\u00eddeo, software o textos; marcas o logotipos, combinaciones de colores, estructura y dise\u00f1o, selecci\u00f3n de materiales usados, programas de ordenador necesarios para su funcionamiento, acceso y uso, etc.), titularidad de PROMOCIONES INMOBILIARIAS BONET, S.L. Ser\u00e1n, por consiguiente, obras protegidas como propiedad intelectual por el ordenamiento jur\u00eddico espa\u00f1ol, si\u00e9ndoles aplicables tanto la normativa espa\u00f1ola y comunitaria en este campo, como los tratados internacionales relativos a la materia y suscritos por Espa\u00f1a.<\/p>\n<p style=\"text-align: justify;\">En virtud de lo dispuesto en los art\u00edculos 8 y 32.1, p\u00e1rrafo segundo, de la Ley de Propiedad Intelectual, quedan expresamente prohibidas la reproducci\u00f3n, la distribuci\u00f3n y la comunicaci\u00f3n p\u00fablica, incluida su modalidad de puesta a disposici\u00f3n, de la totalidad o parte de los contenidos de esta p\u00e1gina web, con fines comerciales, en cualquier soporte y por cualquier medio t\u00e9cnico, sin la autorizaci\u00f3n de PROMOCIONES INMOBILIARIAS BONET, S.L. El usuario se compromete a respetar los derechos de Propiedad Intelectual e Industrial titularidad de PROMOCIONES INMOBILIARIAS BONET, S.L. Podr\u00e1 visualizar los elementos del portal e incluso imprimirlos, copiarlos y almacenarlos en el disco duro de su ordenador o en cualquier otro soporte f\u00edsico siempre y cuando sea, \u00fanica y exclusivamente, para su uso personal y privado. El usuario deber\u00e1 abstenerse de suprimir, alterar, eludir o manipular cualquier dispositivo de protecci\u00f3n o sistema de seguridad que estuviera instalado en las p\u00e1ginas de PROMOCIONES INMOBILIARIAS BONET, S.L.<\/p>\n<p style=\"text-align: justify;\"><strong>ACCIONES LEGALES, LEGISLACI\u00d3N APLICABLE Y JURISDICCI\u00d3N<\/strong><\/p>\n<p style=\"text-align: justify;\">PROMOCIONES INMOBILIARIAS BONET, S.L. se reserva, asimismo, la facultad de presentar las acciones civiles o penales que considere oportunas por la utilizaci\u00f3n indebida de su sitio web y contenidos, o por el incumplimiento de las presentes condiciones.<\/p>\n<p style=\"text-align: justify;\">La relaci\u00f3n entre el usuario y el prestador se regir\u00e1 por la normativa vigente y de aplicaci\u00f3n en el territorio espa\u00f1ol. De surgir cualquier controversia las partes podr\u00e1n someter sus conflictos a arbitraje o acudir a la jurisdicci\u00f3n ordinaria cumpliendo con las normas sobre jurisdicci\u00f3n y<br \/>\ncompetencia al respecto. PROMOCIONES INMOBILIARIAS BONET, S.L. tiene su domicilio en ALICANTE, Espa\u00f1a.<\/p>\n<p>[\/et_pb_text][\/et_pb_column][\/et_pb_row][\/et_pb_section]<\/p>\n","protected":false},"excerpt":{"rendered":"<p>[et_pb_section admin_label=&#8221;Secci\u00f3n&#8221; fullwidth=&#8221;on&#8221; specialty=&#8221;off&#8221;][et_pb_fullwidth_header admin_label=&#8221;T\u00edtulo de anchura completa&#8221; title=&#8221;AVISO LEGAL&#8221; background_layout=&#8221;dark&#8221; text_orientation=&#8221;center&#8221; header_fullscreen=&#8221;off&#8221; header_scroll_down=&#8221;off&#8221; parallax=&#8221;off&#8221; parallax_method=&#8221;off&#8221; content_orientation=&#8221;center&#8221; image_orientation=&#8221;center&#8221; custom_button_one=&#8221;off&#8221; button_one_letter_spacing=&#8221;0&#8243; button_one_use_icon=&#8221;default&#8221; button_one_icon_placement=&#8221;right&#8221; button_one_on_hover=&#8221;on&#8221; button_one_letter_spacing_hover=&#8221;0&#8243; custom_button_two=&#8221;off&#8221; button_two_letter_spacing=&#8221;0&#8243; button_two_use_icon=&#8221;default&#8221; button_two_icon_placement=&#8221;right&#8221; button_two_on_hover=&#8221;on&#8221; button_two_letter_spacing_hover=&#8221;0&#8243; background_url=&#8221;https:\/\/www.villasbonet.com\/wp-content\/uploads\/2016\/02\/aviso-legal.jpg&#8221; module_class=&#8221;imagenTopHome imagenBlog&#8221;] [\/et_pb_fullwidth_header][\/et_pb_section][et_pb_section admin_label=&#8221;section&#8221;][et_pb_row admin_label=&#8221;row&#8221;][et_pb_column type=&#8221;4_4&#8243;][et_pb_text admin_label=&#8221;Texto&#8221; background_layout=&#8221;light&#8221; text_orientation=&#8221;left&#8221; use_border_color=&#8221;off&#8221; border_color=&#8221;#ffffff&#8221; border_style=&#8221;solid&#8221;] En cumplimiento de la Ley 34\/2002, de 11 de julio, de Servicios [&hellip;]<\/p>\n","protected":false},"author":2,"featured_media":0,"parent":0,"menu_order":0,"comment_status":"closed","ping_status":"closed","template":"","meta":{"site-sidebar-layout":"default","site-content-layout":"","ast-site-content-layout":"","site-content-style":"default","site-sidebar-style":"default","ast-global-header-display":"","ast-banner-title-visibility":"","ast-main-header-display":"","ast-hfb-above-header-display":"","ast-hfb-below-header-display":"","ast-hfb-mobile-header-display":"","site-post-title":"","ast-breadcrumbs-content":"","ast-featured-img":"","footer-sml-layout":"","theme-transparent-header-meta":"","adv-header-id-meta":"","stick-header-meta":"","header-above-stick-meta":"","header-main-stick-meta":"","header-below-stick-meta":"","astra-migrate-meta-layouts":"default","ast-page-background-enabled":"default","ast-page-background-meta":{"desktop":{"background-color":"var(--ast-global-color-4)","background-image":"","background-repeat":"repeat","background-position":"center center","background-size":"auto","background-attachment":"scroll","background-type":"","background-media":"","overlay-type":"","overlay-color":"","overlay-opacity":"","overlay-gradient":""},"tablet":{"background-color":"","background-image":"","background-repeat":"repeat","background-position":"center center","background-size":"auto","background-attachment":"scroll","background-type":"","background-media":"","overlay-type":"","overlay-color":"","overlay-opacity":"","overlay-gradient":""},"mobile":{"background-color":"","background-image":"","background-repeat":"repeat","background-position":"center center","background-size":"auto","background-attachment":"scroll","background-type":"","background-media":"","overlay-type":"","overlay-color":"","overlay-opacity":"","overlay-gradient":""}},"ast-content-background-meta":{"desktop":{"background-color":"var(--ast-global-color-5)","background-image":"","background-repeat":"repeat","background-position":"center center","background-size":"auto","background-attachment":"scroll","background-type":"","background-media":"","overlay-type":"","overlay-color":"","overlay-opacity":"","overlay-gradient":""},"tablet":{"background-color":"var(--ast-global-color-5)","background-image":"","background-repeat":"repeat","background-position":"center center","background-size":"auto","background-attachment":"scroll","background-type":"","background-media":"","overlay-type":"","overlay-color":"","overlay-opacity":"","overlay-gradient":""},"mobile":{"background-color":"var(--ast-global-color-5)","background-image":"","background-repeat":"repeat","background-position":"center center","background-size":"auto","background-attachment":"scroll","background-type":"","background-media":"","overlay-type":"","overlay-color":"","overlay-opacity":"","overlay-gradient":""}},"footnotes":""},"class_list":["post-763","page","type-page","status-publish","hentry"],"yoast_head":"<!-- This site is optimized with the Yoast SEO plugin v25.2 - https:\/\/yoast.com\/wordpress\/plugins\/seo\/ -->\n<title>Legal Advice - Villas Bonet<\/title>\n<meta name=\"description\" content=\"Legal Advice - Desarrollamos conceptos totalmente modernos y vanguardistas en todas nuestras edificaciones. Villas de lujo con las \u00faltimas mejoras y aplicaciones tecnol\u00f3gicas.\" \/>\n<meta name=\"robots\" content=\"index, follow, max-snippet:-1, max-image-preview:large, max-video-preview:-1\" \/>\n<link rel=\"canonical\" href=\"https:\/\/www.villasbonet.com\/legal-advice\/\" \/>\n<meta property=\"og:locale\" content=\"en_US\" \/>\n<meta property=\"og:type\" content=\"article\" \/>\n<meta property=\"og:title\" content=\"Legal Advice - Villas Bonet\" \/>\n<meta property=\"og:description\" content=\"Legal Advice - Desarrollamos conceptos totalmente modernos y vanguardistas en todas nuestras edificaciones. Villas de lujo con las \u00faltimas mejoras y aplicaciones tecnol\u00f3gicas.\" \/>\n<meta property=\"og:url\" content=\"https:\/\/www.villasbonet.com\/legal-advice\/\" \/>\n<meta property=\"og:site_name\" content=\"Villas Bonet\" \/>\n<meta property=\"article:modified_time\" content=\"2016-07-29T11:25:58+00:00\" \/>\n<meta name=\"twitter:card\" content=\"summary_large_image\" \/>\n<meta name=\"twitter:label1\" content=\"Est. reading time\" \/>\n\t<meta name=\"twitter:data1\" content=\"7 minutes\" \/>\n<script type=\"application\/ld+json\" class=\"yoast-schema-graph\">{\"@context\":\"https:\/\/schema.org\",\"@graph\":[{\"@type\":\"WebPage\",\"@id\":\"https:\/\/www.villasbonet.com\/legal-advice\/\",\"url\":\"https:\/\/www.villasbonet.com\/legal-advice\/\",\"name\":\"Legal Advice - Villas Bonet\",\"isPartOf\":{\"@id\":\"https:\/\/www.villasbonet.com\/#website\"},\"datePublished\":\"2016-02-15T11:48:11+00:00\",\"dateModified\":\"2016-07-29T11:25:58+00:00\",\"description\":\"Legal Advice - Desarrollamos conceptos totalmente modernos y vanguardistas en todas nuestras edificaciones. Villas de lujo con las \u00faltimas mejoras y aplicaciones tecnol\u00f3gicas.\",\"breadcrumb\":{\"@id\":\"https:\/\/www.villasbonet.com\/legal-advice\/#breadcrumb\"},\"inLanguage\":\"en-US\",\"potentialAction\":[{\"@type\":\"ReadAction\",\"target\":[\"https:\/\/www.villasbonet.com\/legal-advice\/\"]}]},{\"@type\":\"BreadcrumbList\",\"@id\":\"https:\/\/www.villasbonet.com\/legal-advice\/#breadcrumb\",\"itemListElement\":[{\"@type\":\"ListItem\",\"position\":1,\"name\":\"Portada\",\"item\":\"https:\/\/www.villasbonet.com\/en\/home\/\"},{\"@type\":\"ListItem\",\"position\":2,\"name\":\"Legal Advice\"}]},{\"@type\":\"WebSite\",\"@id\":\"https:\/\/www.villasbonet.com\/#website\",\"url\":\"https:\/\/www.villasbonet.com\/\",\"name\":\"Villas Bonet\",\"description\":\"Villas de lujo es Espa\u00f1a\",\"publisher\":{\"@id\":\"https:\/\/www.villasbonet.com\/#organization\"},\"potentialAction\":[{\"@type\":\"SearchAction\",\"target\":{\"@type\":\"EntryPoint\",\"urlTemplate\":\"https:\/\/www.villasbonet.com\/?s={search_term_string}\"},\"query-input\":{\"@type\":\"PropertyValueSpecification\",\"valueRequired\":true,\"valueName\":\"search_term_string\"}}],\"inLanguage\":\"en-US\"},{\"@type\":\"Organization\",\"@id\":\"https:\/\/www.villasbonet.com\/#organization\",\"name\":\"Villas Bonet\",\"url\":\"https:\/\/www.villasbonet.com\/\",\"logo\":{\"@type\":\"ImageObject\",\"inLanguage\":\"en-US\",\"@id\":\"https:\/\/www.villasbonet.com\/#\/schema\/logo\/image\/\",\"url\":\"https:\/\/www.villasbonet.com\/wp-content\/uploads\/2016\/02\/cropped-logo-villas-bonet.png\",\"contentUrl\":\"https:\/\/www.villasbonet.com\/wp-content\/uploads\/2016\/02\/cropped-logo-villas-bonet.png\",\"width\":250,\"height\":60,\"caption\":\"Villas Bonet\"},\"image\":{\"@id\":\"https:\/\/www.villasbonet.com\/#\/schema\/logo\/image\/\"}}]}<\/script>\n<!-- \/ Yoast SEO plugin. -->","yoast_head_json":{"title":"Legal Advice - Villas Bonet","description":"Legal Advice - Desarrollamos conceptos totalmente modernos y vanguardistas en todas nuestras edificaciones. Villas de lujo con las \u00faltimas mejoras y aplicaciones tecnol\u00f3gicas.","robots":{"index":"index","follow":"follow","max-snippet":"max-snippet:-1","max-image-preview":"max-image-preview:large","max-video-preview":"max-video-preview:-1"},"canonical":"https:\/\/www.villasbonet.com\/legal-advice\/","og_locale":"en_US","og_type":"article","og_title":"Legal Advice - Villas Bonet","og_description":"Legal Advice - Desarrollamos conceptos totalmente modernos y vanguardistas en todas nuestras edificaciones. Villas de lujo con las \u00faltimas mejoras y aplicaciones tecnol\u00f3gicas.","og_url":"https:\/\/www.villasbonet.com\/legal-advice\/","og_site_name":"Villas Bonet","article_modified_time":"2016-07-29T11:25:58+00:00","twitter_card":"summary_large_image","twitter_misc":{"Est. reading time":"7 minutes"},"schema":{"@context":"https:\/\/schema.org","@graph":[{"@type":"WebPage","@id":"https:\/\/www.villasbonet.com\/legal-advice\/","url":"https:\/\/www.villasbonet.com\/legal-advice\/","name":"Legal Advice - Villas Bonet","isPartOf":{"@id":"https:\/\/www.villasbonet.com\/#website"},"datePublished":"2016-02-15T11:48:11+00:00","dateModified":"2016-07-29T11:25:58+00:00","description":"Legal Advice - Desarrollamos conceptos totalmente modernos y vanguardistas en todas nuestras edificaciones. Villas de lujo con las \u00faltimas mejoras y aplicaciones tecnol\u00f3gicas.","breadcrumb":{"@id":"https:\/\/www.villasbonet.com\/legal-advice\/#breadcrumb"},"inLanguage":"en-US","potentialAction":[{"@type":"ReadAction","target":["https:\/\/www.villasbonet.com\/legal-advice\/"]}]},{"@type":"BreadcrumbList","@id":"https:\/\/www.villasbonet.com\/legal-advice\/#breadcrumb","itemListElement":[{"@type":"ListItem","position":1,"name":"Portada","item":"https:\/\/www.villasbonet.com\/en\/home\/"},{"@type":"ListItem","position":2,"name":"Legal Advice"}]},{"@type":"WebSite","@id":"https:\/\/www.villasbonet.com\/#website","url":"https:\/\/www.villasbonet.com\/","name":"Villas Bonet","description":"Villas de lujo es Espa\u00f1a","publisher":{"@id":"https:\/\/www.villasbonet.com\/#organization"},"potentialAction":[{"@type":"SearchAction","target":{"@type":"EntryPoint","urlTemplate":"https:\/\/www.villasbonet.com\/?s={search_term_string}"},"query-input":{"@type":"PropertyValueSpecification","valueRequired":true,"valueName":"search_term_string"}}],"inLanguage":"en-US"},{"@type":"Organization","@id":"https:\/\/www.villasbonet.com\/#organization","name":"Villas Bonet","url":"https:\/\/www.villasbonet.com\/","logo":{"@type":"ImageObject","inLanguage":"en-US","@id":"https:\/\/www.villasbonet.com\/#\/schema\/logo\/image\/","url":"https:\/\/www.villasbonet.com\/wp-content\/uploads\/2016\/02\/cropped-logo-villas-bonet.png","contentUrl":"https:\/\/www.villasbonet.com\/wp-content\/uploads\/2016\/02\/cropped-logo-villas-bonet.png","width":250,"height":60,"caption":"Villas Bonet"},"image":{"@id":"https:\/\/www.villasbonet.com\/#\/schema\/logo\/image\/"}}]}},"_links":{"self":[{"href":"https:\/\/www.villasbonet.com\/en\/wp-json\/wp\/v2\/pages\/763"}],"collection":[{"href":"https:\/\/www.villasbonet.com\/en\/wp-json\/wp\/v2\/pages"}],"about":[{"href":"https:\/\/www.villasbonet.com\/en\/wp-json\/wp\/v2\/types\/page"}],"author":[{"embeddable":true,"href":"https:\/\/www.villasbonet.com\/en\/wp-json\/wp\/v2\/users\/2"}],"replies":[{"embeddable":true,"href":"https:\/\/www.villasbonet.com\/en\/wp-json\/wp\/v2\/comments?post=763"}],"version-history":[{"count":1,"href":"https:\/\/www.villasbonet.com\/en\/wp-json\/wp\/v2\/pages\/763\/revisions"}],"predecessor-version":[{"id":765,"href":"https:\/\/www.villasbonet.com\/en\/wp-json\/wp\/v2\/pages\/763\/revisions\/765"}],"wp:attachment":[{"href":"https:\/\/www.villasbonet.com\/en\/wp-json\/wp\/v2\/media?parent=763"}],"curies":[{"name":"wp","href":"https:\/\/api.w.org\/{rel}","templated":true}]}}